{"id":94606,"date":"2026-03-02T20:02:16","date_gmt":"2026-03-02T20:02:16","guid":{"rendered":"https:\/\/dentasave.piksel.agency\/?post_type=product&#038;p=94606"},"modified":"2026-04-14T10:38:36","modified_gmt":"2026-04-14T10:38:36","slug":"klorhex-agiz-calkalama-suyu","status":"publish","type":"product","link":"https:\/\/dentasave.piksel.agency\/en\/product\/klorhex-agiz-calkalama-suyu\/","title":{"rendered":"Klorhex Mouthwash"},"content":{"rendered":"<div data-elementor-type=\"product-post\" data-elementor-id=\"94606\" class=\"elementor elementor-94606\" data-elementor-post-type=\"product\">\n\t\t\t\t\t\t<section class=\"elementor-section elementor-top-section elementor-element elementor-element-9d6ce26 elementor-section-boxed elementor-section-height-default elementor-section-height-default\" data-id=\"9d6ce26\" data-element_type=\"section\" data-e-type=\"section\">\n\t\t\t\t\t\t<div class=\"elementor-container elementor-column-gap-wider\">\n\t\t\t\t\t<div class=\"elementor-column elementor-col-50 elementor-top-column elementor-element elementor-element-f3bfa6f\" data-id=\"f3bfa6f\" data-element_type=\"column\" data-e-type=\"column\">\n\t\t\t<div class=\"elementor-widget-wrap elementor-element-populated\">\n\t\t\t\t\t\t<div class=\"elementor-element elementor-element-576e8e7 elementor-widget elementor-widget-heading\" data-id=\"576e8e7\" data-element_type=\"widget\" data-e-type=\"widget\" data-widget_type=\"heading.default\">\n\t\t\t\t\t<h5 class=\"elementor-heading-title elementor-size-default\">Item details<\/h5>\t\t\t\t<\/div>\n\t\t\t\t<div class=\"elementor-element elementor-element-a195f00 elementor-widget elementor-widget-spacer\" data-id=\"a195f00\" data-element_type=\"widget\" data-e-type=\"widget\" data-widget_type=\"spacer.default\">\n\t\t\t\t\t\t\t<div class=\"elementor-spacer\">\n\t\t\t<div class=\"elementor-spacer-inner\"><\/div>\n\t\t<\/div>\n\t\t\t\t\t\t<\/div>\n\t\t\t\t<div class=\"elementor-element elementor-element-458c076 elementor-widget elementor-widget-text-editor\" data-id=\"458c076\" data-element_type=\"widget\" data-e-type=\"widget\" data-widget_type=\"text-editor.default\">\n\t\t\t\t\t\t\t\t\t<ul>\n \t<li>100% organic cotton;<\/li>\n \t<li>Signature logo;<\/li>\n \t<li>Made in Italy.<\/li>\n<\/ul>\t\t\t\t\t\t\t\t<\/div>\n\t\t\t\t\t<\/div>\n\t\t<\/div>\n\t\t\t\t<div class=\"elementor-column elementor-col-50 elementor-top-column elementor-element elementor-element-49ca515\" data-id=\"49ca515\" data-element_type=\"column\" data-e-type=\"column\">\n\t\t\t<div class=\"elementor-widget-wrap elementor-element-populated\">\n\t\t\t\t\t\t<div class=\"elementor-element elementor-element-addf4f4 elementor-widget elementor-widget-heading\" data-id=\"addf4f4\" data-element_type=\"widget\" data-e-type=\"widget\" data-widget_type=\"heading.default\">\n\t\t\t\t\t<h5 class=\"elementor-heading-title elementor-size-default\">Fit &amp; size<\/h5>\t\t\t\t<\/div>\n\t\t\t\t<div class=\"elementor-element elementor-element-94a740e elementor-widget elementor-widget-spacer\" data-id=\"94a740e\" data-element_type=\"widget\" data-e-type=\"widget\" data-widget_type=\"spacer.default\">\n\t\t\t\t\t\t\t<div class=\"elementor-spacer\">\n\t\t\t<div class=\"elementor-spacer-inner\"><\/div>\n\t\t<\/div>\n\t\t\t\t\t\t<\/div>\n\t\t\t\t<div class=\"elementor-element elementor-element-0f98866 elementor-widget elementor-widget-text-editor\" data-id=\"0f98866\" data-element_type=\"widget\" data-e-type=\"widget\" data-widget_type=\"text-editor.default\">\n\t\t\t\t\t\t\t\t\t<ul>\n \t<li class=\"_bd1585\">This piece fits true to size. We recommend you get your regular size;<\/li>\n \t<li class=\"_bd1585\">Get a smaller size for a slim fit;<\/li>\n \t<li class=\"_bd1585\">Made with a mid-weight fabric.<\/li>\n<\/ul>\t\t\t\t\t\t\t\t<\/div>\n\t\t\t\t\t<\/div>\n\t\t<\/div>\n\t\t\t\t\t<\/div>\n\t\t<\/section>\n\t\t\t\t<\/div>","protected":false},"excerpt":{"rendered":"<h5 class=\"p1\">F\u0131r\u00e7an\u0131n ula\u015famad\u0131\u011f\u0131 yerlerde tam koruma sa\u011flay\u0131n!<\/h5>\n<p class=\"p1\"><b>DentaSave Klorhex G\u00fcnl\u00fck <\/b><b>Bak\u0131m A\u011f\u0131z \u00c7alkalama Suyu<\/b>, di\u015f eti sa\u011fl\u0131\u011f\u0131n\u0131z\u0131 desteklemek ve a\u011f\u0131z hijyeninizi m\u00fckemmelle\u015ftirmek i\u00e7in geli\u015ftirilmi\u015ftir. \u0130\u00e7eri\u011findeki <b>%0,05 Klorheksidin<\/b> ile di\u015f eti bak\u0131m\u0131n\u0131z\u0131 desteklerken, alkols\u00fcz form\u00fcl\u00fc sayesinde a\u011fz\u0131n\u0131z\u0131 yakmadan nazik\u00e7e temizler. Geli\u015ftirilmi\u015f yeni form\u00fcl\u00fcyle en dar di\u015f aral\u0131klar\u0131na bile n\u00fcfuz ederek g\u00fcn boyu s\u00fcren bir ferahl\u0131k ve koruma kalkan\u0131 sunar.<\/p>","protected":false},"featured_media":94608,"comment_status":"open","ping_status":"closed","template":"","meta":[],"product_brand":[],"product_cat":[299,196,279,272,278],"product_tag":[273,274],"class_list":{"0":"post-94606","1":"product","2":"type-product","3":"status-publish","4":"has-post-thumbnail","6":"product_cat-klorhex-serisi","7":"product_cat-agiz-calkalama-suyu","8":"product_cat-1-gunluk-bakim","9":"product_cat-4-dis-eti-bakimi","10":"product_cat-6-cocuklar-icin","11":"product_tag-agiz-kokusu-onleyici","12":"product_tag-dis-eti-bakimi","13":"pa_color-black","14":"pa_color-pink","16":"first","17":"outofstock","18":"featured","19":"shipping-taxable","20":"product-type-variable"},"_links":{"self":[{"href":"https:\/\/dentasave.piksel.agency\/en\/wp-json\/wp\/v2\/product\/94606","targetHints":{"allow":["GET"]}}],"collection":[{"href":"https:\/\/dentasave.piksel.agency\/en\/wp-json\/wp\/v2\/product"}],"about":[{"href":"https:\/\/dentasave.piksel.agency\/en\/wp-json\/wp\/v2\/types\/product"}],"replies":[{"embeddable":true,"href":"https:\/\/dentasave.piksel.agency\/en\/wp-json\/wp\/v2\/comments?post=94606"}],"version-history":[{"count":5,"href":"https:\/\/dentasave.piksel.agency\/en\/wp-json\/wp\/v2\/product\/94606\/revisions"}],"predecessor-version":[{"id":95119,"href":"https:\/\/dentasave.piksel.agency\/en\/wp-json\/wp\/v2\/product\/94606\/revisions\/95119"}],"wp:featuredmedia":[{"embeddable":true,"href":"https:\/\/dentasave.piksel.agency\/en\/wp-json\/wp\/v2\/media\/94608"}],"wp:attachment":[{"href":"https:\/\/dentasave.piksel.agency\/en\/wp-json\/wp\/v2\/media?parent=94606"}],"wp:term":[{"taxonomy":"product_brand","embeddable":true,"href":"https:\/\/dentasave.piksel.agency\/en\/wp-json\/wp\/v2\/product_brand?post=94606"},{"taxonomy":"product_cat","embeddable":true,"href":"https:\/\/dentasave.piksel.agency\/en\/wp-json\/wp\/v2\/product_cat?post=94606"},{"taxonomy":"product_tag","embeddable":true,"href":"https:\/\/dentasave.piksel.agency\/en\/wp-json\/wp\/v2\/product_tag?post=94606"}],"curies":[{"name":"wp","href":"https:\/\/api.w.org\/{rel}","templated":true}]}}